{"id":5002,"date":"2016-12-28T14:36:09","date_gmt":"2016-12-28T14:36:09","guid":{"rendered":"http:\/\/onschedule.edge-themes.com\/?page_id=2371"},"modified":"2025-09-23T15:45:47","modified_gmt":"2025-09-23T13:45:47","slug":"projekti","status":"publish","type":"page","link":"https:\/\/silvermonitor.eu\/en\/projekti\/","title":{"rendered":"Projects"},"content":{"rendered":"<div class=\"wpb-content-wrapper\"><div class=\"edgtf-row-grid-section\"><div class=\"vc_row wpb_row vc_row-fluid vc_custom_1484310856508\"><div class=\"wpb_column vc_column_container vc_col-sm-12 vc_col-lg-6 vc_col-md-12\"><div class=\"vc_column-inner\"><div class=\"wpb_wrapper\"><div class=\"edgtf-elements-holder edgtf-responsive-mode-768\" ><div class=\"edgtf-eh-item\"  data-item-class=\"edgtf-eh-custom-429442\" data-1280-1600=\"0 0 0 7%\" data-1024-1280=\"0 0 0 7%\" data-768-1024=\"0 0 0 18%\">\n\t<div class=\"edgtf-eh-item-inner\">\n\t\t<div class=\"edgtf-eh-item-content edgtf-eh-custom-429442\" style=\"padding: 0 0 0 13%\">\n\t\t\t<div class=\"edgtf-stacked-images-holder\">\n\t<div class=\"edgtf-si-images\">\n\t\t\t\t\t<img loading=\"lazy\" decoding=\"async\" width=\"330\" height=\"466\" src=\"https:\/\/silvermonitor.eu\/wp-content\/uploads\/2025\/08\/Crobohub-1.png\" class=\"edgtf-si-first-image\" alt=\"\" srcset=\"https:\/\/silvermonitor.eu\/wp-content\/uploads\/2025\/08\/Crobohub-1.png 330w, https:\/\/silvermonitor.eu\/wp-content\/uploads\/2025\/08\/Crobohub-1-212x300.png 212w\" sizes=\"auto, (max-width: 330px) 100vw, 330px\" \/>\t\t\t\t\t\t\t<img loading=\"lazy\" decoding=\"async\" width=\"331\" height=\"466\" src=\"https:\/\/silvermonitor.eu\/wp-content\/uploads\/2025\/08\/20231110_155331-scaled-e1756577692699.jpg\" class=\"edgtf-si-stack-image\" alt=\"\" srcset=\"https:\/\/silvermonitor.eu\/wp-content\/uploads\/2025\/08\/20231110_155331-scaled-e1756577692699.jpg 331w, https:\/\/silvermonitor.eu\/wp-content\/uploads\/2025\/08\/20231110_155331-scaled-e1756577692699-213x300.jpg 213w\" sizes=\"auto, (max-width: 331px) 100vw, 331px\" \/>\t\t\t<\/div>\n<\/div>\t\t<\/div>\n\t<\/div>\n<\/div><\/div><\/div><\/div><\/div><div class=\"wpb_column vc_column_container vc_col-sm-12 vc_col-lg-6 vc_col-md-12\"><div class=\"vc_column-inner vc_custom_1484308524013\"><div class=\"wpb_wrapper\"><div class=\"vc_empty_space\"   style=\"height: 27px\"><span class=\"vc_empty_space_inner\"><\/span><\/div><div class=\"edgtf-section-title-holder\" >\n\t\t\t<h2 class=\"edgtf-st-title\" >\n\t\t\t<span>Silver Monitor passed the CROBOHUB++test<\/span>\n\t\t<\/h2>\n\t\t\t\t<p class=\"edgtf-st-text\" style=\"font-size: 16px;line-height: 32px\">Our Silver Monitor has been successfully tested, confirming the quality and readiness for market application<\/p>\n\t<\/div><div class=\"edgtf-section-title-holder\" >\n\t\t\t\t<p class=\"edgtf-st-text\" >As part of the EDIH CROBOHUB++ project, the European Digital Innovation Centre for the development and application of advanced technologies, in cooperation with the Faculty of Electrical Engineering and computing in Zagreb, we have successfully completed the testing of our Silver Monitor product. The results confirm that the device meets all the necessary quality standards and is ready for market application.<\/p>\n\t<\/div><div class=\"vc_empty_space\"   style=\"height: 32px\"><span class=\"vc_empty_space_inner\"><\/span><\/div><a itemprop=\"url\" href=\"https:\/\/crobohub.fer.hr\/\" target=\"_blank\" style=\"background-color: #262626;border-color: #262626;margin: 12px 24px 12px 0\" class=\"edgtf-btn edgtf-btn-medium edgtf-btn-solid edgtf-btn-custom-hover-bg edgtf-btn-custom-border-hover\" data-hover-bg-color=\"#3f3f3f\" data-hover-border-color=\"#3f3f3f\" >\n    <span class=\"edgtf-btn-text\">More<\/span>\n    <\/a><\/div><\/div><\/div><\/div><\/div><div class=\"edgtf-row-grid-section\"><div class=\"vc_row wpb_row vc_row-fluid vc_custom_1484310941109\"><div class=\"wpb_column vc_column_container vc_col-sm-12 vc_col-lg-6 vc_col-md-12\"><div class=\"vc_column-inner vc_custom_1484310458602\"><div class=\"wpb_wrapper\"><div class=\"edgtf-elements-holder edgtf-responsive-mode-768\" ><div class=\"edgtf-eh-item\"  data-item-class=\"edgtf-eh-custom-959270\" data-768-1024=\"0 0 0 0\">\n\t<div class=\"edgtf-eh-item-inner\">\n\t\t<div class=\"edgtf-eh-item-content edgtf-eh-custom-959270\" style=\"padding: 13% 0 0 0\">\n\t\t\t<div class=\"edgtf-section-title-holder\" >\n\t\t\t<h2 class=\"edgtf-st-title\" >\n\t\t\t<span>Silver Monitor pilot testing<\/span>\n\t\t<\/h2>\n\t\t\t\t<p class=\"edgtf-st-text\" style=\"font-size: 16px;line-height: 32px\">The Silver Monitor was tested on 100 users in five cities, showing how it helps with daily security.<\/p>\n\t<\/div><div class=\"edgtf-section-title-holder\" >\n\t\t\t\t<p class=\"edgtf-st-text\" >Silver Monitor has passed 2 pilot tests in collaboration with Run something your own, Infobip and health institutions. For three months, we monitored the activities and vital parameters of users. We tested device accuracy, system reliability and user experience, collecting data to develop a final model that measures the health and welfare of end users.<\/p>\n\t<\/div><div class=\"vc_empty_space\"   style=\"height: 20px\"><span class=\"vc_empty_space_inner\"><\/span><\/div><div class=\"edgtf-progress-bar\">\n\t<p class=\"edgtf-pb-title-holder\" >\n\t\t<span class=\"edgtf-pb-title\">Testing<\/span>\n\t\t<span class=\"edgtf-pb-percent\">0<\/span>\n\t<\/p>\n\t<div class=\"edgtf-pb-content-holder\" >\n\t\t<div data-percentage=\"100\" class=\"edgtf-pb-content\" style=\"background-color: #005e80\"><\/div>\n\t<\/div>\n<\/div><div class=\"vc_empty_space\"   style=\"height: 16px\"><span class=\"vc_empty_space_inner\"><\/span><\/div><div class=\"edgtf-progress-bar\">\n\t<p class=\"edgtf-pb-title-holder\" >\n\t\t<span class=\"edgtf-pb-title\">Reliability<\/span>\n\t\t<span class=\"edgtf-pb-percent\">0<\/span>\n\t<\/p>\n\t<div class=\"edgtf-pb-content-holder\" >\n\t\t<div data-percentage=\"100\" class=\"edgtf-pb-content\" style=\"background-color: #6ea3b4\"><\/div>\n\t<\/div>\n<\/div><div class=\"vc_empty_space\"   style=\"height: 116px\"><span class=\"vc_empty_space_inner\"><\/span><\/div>\t\t<\/div>\n\t<\/div>\n<\/div><\/div><\/div><\/div><\/div><div class=\"wpb_column vc_column_container vc_col-sm-12 vc_col-lg-6 vc_col-md-12\"><div class=\"vc_column-inner vc_custom_1484310465600\"><div class=\"wpb_wrapper\"><div class=\"edgtf-elements-holder edgtf-responsive-mode-768\" ><div class=\"edgtf-eh-item\"  data-item-class=\"edgtf-eh-custom-913753\" data-1280-1600=\"0 0 0 7%\" data-1024-1280=\"0 0 0 7%\" data-768-1024=\"0 0 0 18%\">\n\t<div class=\"edgtf-eh-item-inner\">\n\t\t<div class=\"edgtf-eh-item-content edgtf-eh-custom-913753\" style=\"padding: 0 0 0 13%\">\n\t\t\t<div class=\"edgtf-stacked-images-holder\">\n\t<div class=\"edgtf-si-images\">\n\t\t\t\t\t<img loading=\"lazy\" decoding=\"async\" width=\"330\" height=\"466\" src=\"https:\/\/silvermonitor.eu\/wp-content\/uploads\/2025\/08\/PNS-3.png\" class=\"edgtf-si-first-image\" alt=\"\" srcset=\"https:\/\/silvermonitor.eu\/wp-content\/uploads\/2025\/08\/PNS-3.png 330w, https:\/\/silvermonitor.eu\/wp-content\/uploads\/2025\/08\/PNS-3-212x300.png 212w\" sizes=\"auto, (max-width: 330px) 100vw, 330px\" \/>\t\t\t\t\t\t\t<img loading=\"lazy\" decoding=\"async\" width=\"330\" height=\"466\" src=\"https:\/\/silvermonitor.eu\/wp-content\/uploads\/2025\/08\/PNS-2.png\" class=\"edgtf-si-stack-image\" alt=\"Silver Monitor pilot\" srcset=\"https:\/\/silvermonitor.eu\/wp-content\/uploads\/2025\/08\/PNS-2.png 330w, https:\/\/silvermonitor.eu\/wp-content\/uploads\/2025\/08\/PNS-2-212x300.png 212w\" sizes=\"auto, (max-width: 330px) 100vw, 330px\" \/>\t\t\t<\/div>\n<\/div>\t\t<\/div>\n\t<\/div>\n<\/div><\/div><\/div><\/div><\/div><\/div><\/div><div class=\"edgtf-row-grid-section\"><div class=\"vc_row wpb_row vc_row-fluid vc_custom_1484310933582\"><div class=\"wpb_column vc_column_container vc_col-sm-12 vc_col-lg-6 vc_col-md-12\"><div class=\"vc_column-inner\"><div class=\"wpb_wrapper\"><div class=\"edgtf-elements-holder edgtf-responsive-mode-768\" ><div class=\"edgtf-eh-item\"  data-item-class=\"edgtf-eh-custom-699652\" data-1280-1600=\"0 0 0 7%\" data-1024-1280=\"0 0 0 7%\" data-768-1024=\"0 0 0 18%\">\n\t<div class=\"edgtf-eh-item-inner\">\n\t\t<div class=\"edgtf-eh-item-content edgtf-eh-custom-699652\" style=\"padding: 0 0 0 13%\">\n\t\t\t<div class=\"edgtf-stacked-images-holder\">\n\t<div class=\"edgtf-si-images\">\n\t\t\t\t\t<img loading=\"lazy\" decoding=\"async\" width=\"330\" height=\"466\" src=\"https:\/\/silvermonitor.eu\/wp-content\/uploads\/2025\/08\/Inno.png\" class=\"edgtf-si-first-image\" alt=\"\" srcset=\"https:\/\/silvermonitor.eu\/wp-content\/uploads\/2025\/08\/Inno.png 330w, https:\/\/silvermonitor.eu\/wp-content\/uploads\/2025\/08\/Inno-212x300.png 212w\" sizes=\"auto, (max-width: 330px) 100vw, 330px\" \/>\t\t\t\t\t\t\t<img loading=\"lazy\" decoding=\"async\" width=\"333\" height=\"466\" src=\"https:\/\/silvermonitor.eu\/wp-content\/uploads\/2025\/08\/IMG_20190902_092848s-scaled-e1756578991593.jpg\" class=\"edgtf-si-stack-image\" alt=\"\" srcset=\"https:\/\/silvermonitor.eu\/wp-content\/uploads\/2025\/08\/IMG_20190902_092848s-scaled-e1756578991593.jpg 333w, https:\/\/silvermonitor.eu\/wp-content\/uploads\/2025\/08\/IMG_20190902_092848s-scaled-e1756578991593-214x300.jpg 214w\" sizes=\"auto, (max-width: 333px) 100vw, 333px\" \/>\t\t\t<\/div>\n<\/div>\t\t<\/div>\n\t<\/div>\n<\/div><\/div><\/div><\/div><\/div><div class=\"wpb_column vc_column_container vc_col-sm-12 vc_col-lg-6 vc_col-md-12\"><div class=\"vc_column-inner vc_custom_1484306645726\"><div class=\"wpb_wrapper\"><div class=\"edgtf-section-title-holder\" >\n\t\t\t<h2 class=\"edgtf-st-title\" >\n\t\t\t<span>Innoclusion: digital innovations that change seniors ' lives<\/span>\n\t\t<\/h2>\n\t\t\t\t<p class=\"edgtf-st-text\" style=\"font-size: 16px;line-height: 32px\">The Innoclusion project was launched to develop digital and green solutions for the inclusion of the elderly and persons with disabilities.<\/p>\n\t<\/div><div class=\"edgtf-section-title-holder\" >\n\t\t\t\t<p class=\"edgtf-st-text\" >As part of the Innoclusion project, in cooperation with the Me\u0111imurje County home care center, Val Lastovo Association and nursing homes, we tested our Silver Monitor product. The results showed that the device contributes to the safety and quality of life of the elderly, confirming its innovation and readiness for wider application in practice.<\/p>\n\t<\/div><div class=\"vc_empty_space\"   style=\"height: 27px\"><span class=\"vc_empty_space_inner\"><\/span><\/div><a itemprop=\"url\" href=\"https:\/\/www.innowerft.com\/innoclusion\/\" target=\"_blank\" style=\"background-color: #262626;border-color: #262626;margin: 12px 24px 12px 0\" class=\"edgtf-btn edgtf-btn-medium edgtf-btn-solid edgtf-btn-custom-hover-bg edgtf-btn-custom-border-hover\" data-hover-bg-color=\"#3f3f3f\" data-hover-border-color=\"#3f3f3f\" >\n    <span class=\"edgtf-btn-text\">More<\/span>\n    <\/a><\/div><\/div><\/div><\/div><\/div><div class=\"vc_row wpb_row vc_row-fluid\"><div class=\"wpb_column vc_column_container vc_col-sm-12\"><div class=\"vc_column-inner\"><div class=\"wpb_wrapper\"><div class=\"vc_empty_space\"   style=\"height: 120px\"><span class=\"vc_empty_space_inner\"><\/span><\/div><\/div><\/div><\/div><\/div>\n<\/div>","protected":false},"excerpt":{"rendered":"Silver Monitor pro\u0161ao test CROBOHUB++ Na\u0161 Silver Monitor uspje\u0161no je testiran, potvr\u0111uju\u0107i kvalitetu i spremnost za tr\u017ei\u0161nu primjenu Kao dio projekta EDIH CROBOHUB++, europskog digitalnog inovacijskog centra za razvoj i primjenu naprednih tehnologija, u suradnji s Fakultetom elektrotehnike i ra\u010dunarstva [...]","protected":false},"author":1,"featured_media":0,"parent":0,"menu_order":0,"comment_status":"closed","ping_status":"closed","template":"full-width.php","meta":{"footnotes":""},"class_list":["post-5002","page","type-page","status-publish","hentry"],"yoast_head":"<!-- This site is optimized with the Yoast SEO plugin v27.3 - https:\/\/yoast.com\/product\/yoast-seo-wordpress\/ -->\n<title>Projekti - Silver Monitor<\/title>\n<meta name=\"description\" content=\"Silver Monitor projekti donose konkretne rezultate kroz istra\u017eivanja, suradnje i inovativne zdravstvene tehnologije.\" \/>\n<meta name=\"robots\" content=\"index, follow, max-snippet:-1, max-image-preview:large, max-video-preview:-1\" \/>\n<link rel=\"canonical\" href=\"https:\/\/silvermonitor.eu\/en\/projekti\/\" \/>\n<meta property=\"og:locale\" content=\"en_GB\" \/>\n<meta property=\"og:type\" content=\"article\" \/>\n<meta property=\"og:title\" content=\"Projekti - Silver Monitor\" \/>\n<meta property=\"og:description\" content=\"Silver Monitor projekti donose konkretne rezultate kroz istra\u017eivanja, suradnje i inovativne zdravstvene tehnologije.\" \/>\n<meta property=\"og:url\" content=\"https:\/\/silvermonitor.eu\/en\/projekti\/\" \/>\n<meta property=\"og:site_name\" content=\"Silver Monitor\" \/>\n<meta property=\"article:publisher\" content=\"https:\/\/www.facebook.com\/SilverMonitor\/\" \/>\n<meta property=\"article:modified_time\" content=\"2025-09-23T13:45:47+00:00\" \/>\n<meta property=\"og:image\" content=\"https:\/\/silvermonitor.eu\/wp-content\/uploads\/2025\/09\/Senior-1-1.png\" \/>\n\t<meta property=\"og:image:width\" content=\"1200\" \/>\n\t<meta property=\"og:image:height\" content=\"725\" \/>\n\t<meta property=\"og:image:type\" content=\"image\/png\" \/>\n<meta name=\"twitter:card\" content=\"summary_large_image\" \/>\n<meta name=\"twitter:label1\" content=\"Estimated reading time\" \/>\n\t<meta name=\"twitter:data1\" content=\"4 minutes\" \/>\n<script type=\"application\/ld+json\" class=\"yoast-schema-graph\">{\"@context\":\"https:\\\/\\\/schema.org\",\"@graph\":[{\"@type\":\"WebPage\",\"@id\":\"https:\\\/\\\/silvermonitor.eu\\\/projekti\\\/\",\"url\":\"https:\\\/\\\/silvermonitor.eu\\\/projekti\\\/\",\"name\":\"Projekti - Silver Monitor\",\"isPartOf\":{\"@id\":\"https:\\\/\\\/silvermonitor.eu\\\/#website\"},\"datePublished\":\"2016-12-28T14:36:09+00:00\",\"dateModified\":\"2025-09-23T13:45:47+00:00\",\"description\":\"Silver Monitor projekti donose konkretne rezultate kroz istra\u017eivanja, suradnje i inovativne zdravstvene tehnologije.\",\"breadcrumb\":{\"@id\":\"https:\\\/\\\/silvermonitor.eu\\\/projekti\\\/#breadcrumb\"},\"inLanguage\":\"en-GB\",\"potentialAction\":[{\"@type\":\"ReadAction\",\"target\":[\"https:\\\/\\\/silvermonitor.eu\\\/projekti\\\/\"]}]},{\"@type\":\"BreadcrumbList\",\"@id\":\"https:\\\/\\\/silvermonitor.eu\\\/projekti\\\/#breadcrumb\",\"itemListElement\":[{\"@type\":\"ListItem\",\"position\":1,\"name\":\"Po\u010detna stranica\",\"item\":\"https:\\\/\\\/silvermonitor.eu\\\/\"},{\"@type\":\"ListItem\",\"position\":2,\"name\":\"Projekti\"}]},{\"@type\":\"WebSite\",\"@id\":\"https:\\\/\\\/silvermonitor.eu\\\/#website\",\"url\":\"https:\\\/\\\/silvermonitor.eu\\\/\",\"name\":\"Silver Monitor\",\"description\":\"pametni sat i web aplikacija za seniore\",\"publisher\":{\"@id\":\"https:\\\/\\\/silvermonitor.eu\\\/#organization\"},\"potentialAction\":[{\"@type\":\"SearchAction\",\"target\":{\"@type\":\"EntryPoint\",\"urlTemplate\":\"https:\\\/\\\/silvermonitor.eu\\\/?s={search_term_string}\"},\"query-input\":{\"@type\":\"PropertyValueSpecification\",\"valueRequired\":true,\"valueName\":\"search_term_string\"}}],\"inLanguage\":\"en-GB\"},{\"@type\":\"Organization\",\"@id\":\"https:\\\/\\\/silvermonitor.eu\\\/#organization\",\"name\":\"Silver technologies\",\"alternateName\":\"Silver technologies\",\"url\":\"https:\\\/\\\/silvermonitor.eu\\\/\",\"logo\":{\"@type\":\"ImageObject\",\"inLanguage\":\"en-GB\",\"@id\":\"https:\\\/\\\/silvermonitor.eu\\\/#\\\/schema\\\/logo\\\/image\\\/\",\"url\":\"https:\\\/\\\/silvermonitor.eu\\\/wp-content\\\/uploads\\\/2025\\\/09\\\/SilverM.jpg\",\"contentUrl\":\"https:\\\/\\\/silvermonitor.eu\\\/wp-content\\\/uploads\\\/2025\\\/09\\\/SilverM.jpg\",\"width\":500,\"height\":500,\"caption\":\"Silver technologies\"},\"image\":{\"@id\":\"https:\\\/\\\/silvermonitor.eu\\\/#\\\/schema\\\/logo\\\/image\\\/\"},\"sameAs\":[\"https:\\\/\\\/www.facebook.com\\\/SilverMonitor\\\/\"]}]}<\/script>\n<!-- \/ Yoast SEO plugin. -->","yoast_head_json":{"title":"Projekti - Silver Monitor","description":"Silver Monitor projekti donose konkretne rezultate kroz istra\u017eivanja, suradnje i inovativne zdravstvene tehnologije.","robots":{"index":"index","follow":"follow","max-snippet":"max-snippet:-1","max-image-preview":"max-image-preview:large","max-video-preview":"max-video-preview:-1"},"canonical":"https:\/\/silvermonitor.eu\/en\/projekti\/","og_locale":"en_GB","og_type":"article","og_title":"Projekti - Silver Monitor","og_description":"Silver Monitor projekti donose konkretne rezultate kroz istra\u017eivanja, suradnje i inovativne zdravstvene tehnologije.","og_url":"https:\/\/silvermonitor.eu\/en\/projekti\/","og_site_name":"Silver Monitor","article_publisher":"https:\/\/www.facebook.com\/SilverMonitor\/","article_modified_time":"2025-09-23T13:45:47+00:00","og_image":[{"width":1200,"height":725,"url":"https:\/\/silvermonitor.eu\/wp-content\/uploads\/2025\/09\/Senior-1-1.png","type":"image\/png"}],"twitter_card":"summary_large_image","twitter_misc":{"Estimated reading time":"4 minutes"},"schema":{"@context":"https:\/\/schema.org","@graph":[{"@type":"WebPage","@id":"https:\/\/silvermonitor.eu\/projekti\/","url":"https:\/\/silvermonitor.eu\/projekti\/","name":"Projekti - Silver Monitor","isPartOf":{"@id":"https:\/\/silvermonitor.eu\/#website"},"datePublished":"2016-12-28T14:36:09+00:00","dateModified":"2025-09-23T13:45:47+00:00","description":"Silver Monitor projekti donose konkretne rezultate kroz istra\u017eivanja, suradnje i inovativne zdravstvene tehnologije.","breadcrumb":{"@id":"https:\/\/silvermonitor.eu\/projekti\/#breadcrumb"},"inLanguage":"en-GB","potentialAction":[{"@type":"ReadAction","target":["https:\/\/silvermonitor.eu\/projekti\/"]}]},{"@type":"BreadcrumbList","@id":"https:\/\/silvermonitor.eu\/projekti\/#breadcrumb","itemListElement":[{"@type":"ListItem","position":1,"name":"Po\u010detna stranica","item":"https:\/\/silvermonitor.eu\/"},{"@type":"ListItem","position":2,"name":"Projekti"}]},{"@type":"WebSite","@id":"https:\/\/silvermonitor.eu\/#website","url":"https:\/\/silvermonitor.eu\/","name":"Silve Monitor","description":"pametni sat i web aplikacija za seniore","publisher":{"@id":"https:\/\/silvermonitor.eu\/#organization"},"potentialAction":[{"@type":"SearchAction","target":{"@type":"EntryPoint","urlTemplate":"https:\/\/silvermonitor.eu\/?s={search_term_string}"},"query-input":{"@type":"PropertyValueSpecification","valueRequired":true,"valueName":"search_term_string"}}],"inLanguage":"en-GB"},{"@type":"Organization","@id":"https:\/\/silvermonitor.eu\/#organization","name":"Silver technologies","alternateName":"Silver technologies","url":"https:\/\/silvermonitor.eu\/","logo":{"@type":"ImageObject","inLanguage":"en-GB","@id":"https:\/\/silvermonitor.eu\/#\/schema\/logo\/image\/","url":"https:\/\/silvermonitor.eu\/wp-content\/uploads\/2025\/09\/SilverM.jpg","contentUrl":"https:\/\/silvermonitor.eu\/wp-content\/uploads\/2025\/09\/SilverM.jpg","width":500,"height":500,"caption":"Silver technologies"},"image":{"@id":"https:\/\/silvermonitor.eu\/#\/schema\/logo\/image\/"},"sameAs":["https:\/\/www.facebook.com\/SilverMonitor\/"]}]}},"_links":{"self":[{"href":"https:\/\/silvermonitor.eu\/en\/wp-json\/wp\/v2\/pages\/5002","targetHints":{"allow":["GET"]}}],"collection":[{"href":"https:\/\/silvermonitor.eu\/en\/wp-json\/wp\/v2\/pages"}],"about":[{"href":"https:\/\/silvermonitor.eu\/en\/wp-json\/wp\/v2\/types\/page"}],"author":[{"embeddable":true,"href":"https:\/\/silvermonitor.eu\/en\/wp-json\/wp\/v2\/users\/1"}],"replies":[{"embeddable":true,"href":"https:\/\/silvermonitor.eu\/en\/wp-json\/wp\/v2\/comments?post=5002"}],"version-history":[{"count":15,"href":"https:\/\/silvermonitor.eu\/en\/wp-json\/wp\/v2\/pages\/5002\/revisions"}],"predecessor-version":[{"id":5867,"href":"https:\/\/silvermonitor.eu\/en\/wp-json\/wp\/v2\/pages\/5002\/revisions\/5867"}],"wp:attachment":[{"href":"https:\/\/silvermonitor.eu\/en\/wp-json\/wp\/v2\/media?parent=5002"}],"curies":[{"name":"wp","href":"https:\/\/api.w.org\/{rel}","templated":true}]}}