{"id":5505,"date":"2025-08-29T12:58:21","date_gmt":"2025-08-29T10:58:21","guid":{"rendered":"https:\/\/silvermonitor.eu\/?page_id=5505"},"modified":"2025-09-23T16:00:54","modified_gmt":"2025-09-23T14:00:54","slug":"politika-kolacica","status":"publish","type":"page","link":"https:\/\/silvermonitor.eu\/en\/politika-kolacica\/","title":{"rendered":"Cookie policy"},"content":{"rendered":"<div class=\"wpb-content-wrapper\"><div class=\"vc_row wpb_row vc_row-fluid\"><div class=\"wpb_column vc_column_container vc_col-sm-12\"><div class=\"vc_column-inner\"><div class=\"wpb_wrapper\">\n\t<div class=\"wpb_text_column wpb_content_element\" >\n\t\t<div class=\"wpb_wrapper\">\n\t\t\t<p><strong>Pregled pravila o kola\u010di\u0107ima:<\/strong><\/p>\n<p>Na\u0161a Pravila o kola\u010di\u0107ima obja\u0161njavaju upotrebu kola\u010di\u0107a na na\u0161oj web stranici. Kola\u010di\u0107i, male tekstualne datoteke, pobolj\u0161avaju funkcionalnost, sigurnost i korisni\u010dko iskustvo. Osnovni kola\u010di\u0107i odr\u017eavaju sesije bez prikupljanja osobnih podataka. Kola\u010di\u0107i tre\u0107ih strana analiziraju izvedbu web-lokacije, prilago\u0111avaju oglase i pobolj\u0161avaju korisni\u010dko iskustvo. Koristimo bitne, statisti\u010dke, marketin\u0161ke, funkcionalne i preferencijalne kola\u010di\u0107e.<\/p>\n<p><strong>Key Points:<\/strong><\/p>\n<ul>\n<li><strong>Osnovni kola\u010di\u0107i:<\/strong>\u00a0Odr\u017eavajte sesije i pobolj\u0161ajte sigurnost bez prikupljanja osobnih podataka.<\/li>\n<li><strong>Statisti\u010dki kola\u010di\u0107i:<\/strong>\u00a0Analizirajte performanse web-mjesta i podatke o posjetiteljima radi pobolj\u0161anja.<\/li>\n<li><strong>Marketin\u0161ki kola\u010di\u0107i:<\/strong>\u00a0Prilagodite oglase i procijenite u\u010dinkovitost oglasne kampanje.<\/li>\n<li><strong>Funkcionalni kola\u010di\u0107i:<\/strong>\u00a0Podr\u017eite funkcije koje nisu bitne, kao \u0161to je ugra\u0111ivanje sadr\u017eaja.<\/li>\n<li><strong>Kola\u010di\u0107i s preferencama:<\/strong>\u00a0Pohranite postavke i preference za pobolj\u0161ano korisni\u010dko iskustvo.<\/li>\n<\/ul>\n<p><strong>Preference kontrole:<\/strong><\/p>\n<ul>\n<li>Prilagodite postavke klikom na karticu &#8220;Pravila o privatnosti i kola\u010di\u0107ima&#8221;.<\/li>\n<li>Browsers offer methods to block\/delete cookies; visit\u00a0<a href=\"https:\/\/www.allaboutcookies.org\/\" target=\"_new\" rel=\"noopener\">https:\/\/www.allaboutcookies.org<\/a>\u00a0for guidance.<\/li>\n<\/ul>\n<p>Sveobuhvatne informacije o sigurnosti podataka potra\u017eite u na\u0161im Pravilima o privatnosti.<\/p>\n<p>[cookie_audit columns=\u201dcookie,description\u201d heading=\u201dList of Cookies Used on Our Website\u201d]<\/p>\n\n\t\t<\/div>\n\t<\/div>\n<\/div><\/div><\/div><\/div><div class=\"vc_row wpb_row vc_row-fluid\"><div class=\"wpb_column vc_column_container vc_col-sm-12\"><div class=\"vc_column-inner\"><div class=\"wpb_wrapper\"><div class=\"vc_empty_space\"   style=\"height: 100px\"><span class=\"vc_empty_space_inner\"><\/span><\/div><\/div><\/div><\/div><\/div><\/div>","protected":false},"excerpt":{"rendered":"Pregled pravila o kola\u010di\u0107ima: Na\u0161a Pravila o kola\u010di\u0107ima obja\u0161njavaju upotrebu kola\u010di\u0107a na na\u0161oj web stranici. Kola\u010di\u0107i, male tekstualne datoteke, pobolj\u0161avaju funkcionalnost, sigurnost i korisni\u010dko iskustvo. Osnovni kola\u010di\u0107i odr\u017eavaju sesije bez prikupljanja osobnih podataka. Kola\u010di\u0107i tre\u0107ih strana analiziraju izvedbu web-lokacije, prilago\u0111avaju [...]","protected":false},"author":1,"featured_media":0,"parent":0,"menu_order":0,"comment_status":"closed","ping_status":"closed","template":"","meta":{"footnotes":""},"class_list":["post-5505","page","type-page","status-publish","hentry"],"yoast_head":"<!-- This site is optimized with the Yoast SEO plugin v27.3 - https:\/\/yoast.com\/product\/yoast-seo-wordpress\/ -->\n<title>Politika kola\u010di\u0107a - Silver Monitor<\/title>\n<meta name=\"description\" content=\"Politika kola\u010di\u0107a obja\u0161njava kako koristimo kola\u010di\u0107e za pobolj\u0161anje iskustva korisnika i za\u0161titu privatnosti. Saznaj vi\u0161e ovdje.\" \/>\n<meta name=\"robots\" content=\"index, follow, max-snippet:-1, max-image-preview:large, max-video-preview:-1\" \/>\n<link rel=\"canonical\" href=\"https:\/\/silvermonitor.eu\/en\/politika-kolacica\/\" \/>\n<meta property=\"og:locale\" content=\"en_GB\" \/>\n<meta property=\"og:type\" content=\"article\" \/>\n<meta property=\"og:title\" content=\"Politika kola\u010di\u0107a - Silver Monitor\" \/>\n<meta property=\"og:description\" content=\"Politika kola\u010di\u0107a obja\u0161njava kako koristimo kola\u010di\u0107e za pobolj\u0161anje iskustva korisnika i za\u0161titu privatnosti. Saznaj vi\u0161e ovdje.\" \/>\n<meta property=\"og:url\" content=\"https:\/\/silvermonitor.eu\/en\/politika-kolacica\/\" \/>\n<meta property=\"og:site_name\" content=\"Silver Monitor\" \/>\n<meta property=\"article:publisher\" content=\"https:\/\/www.facebook.com\/SilverMonitor\/\" \/>\n<meta property=\"article:modified_time\" content=\"2025-09-23T14:00:54+00:00\" \/>\n<meta property=\"og:image\" content=\"https:\/\/silvermonitor.eu\/wp-content\/uploads\/2025\/09\/Senior-1-1.png\" \/>\n\t<meta property=\"og:image:width\" content=\"1200\" \/>\n\t<meta property=\"og:image:height\" content=\"725\" \/>\n\t<meta property=\"og:image:type\" content=\"image\/png\" \/>\n<meta name=\"twitter:card\" content=\"summary_large_image\" \/>\n<meta name=\"twitter:label1\" content=\"Estimated reading time\" \/>\n\t<meta name=\"twitter:data1\" content=\"1 minute\" \/>\n<script type=\"application\/ld+json\" class=\"yoast-schema-graph\">{\"@context\":\"https:\\\/\\\/schema.org\",\"@graph\":[{\"@type\":\"WebPage\",\"@id\":\"https:\\\/\\\/silvermonitor.eu\\\/politika-kolacica\\\/\",\"url\":\"https:\\\/\\\/silvermonitor.eu\\\/politika-kolacica\\\/\",\"name\":\"Politika kola\u010di\u0107a - Silver Monitor\",\"isPartOf\":{\"@id\":\"https:\\\/\\\/silvermonitor.eu\\\/#website\"},\"datePublished\":\"2025-08-29T10:58:21+00:00\",\"dateModified\":\"2025-09-23T14:00:54+00:00\",\"description\":\"Politika kola\u010di\u0107a obja\u0161njava kako koristimo kola\u010di\u0107e za pobolj\u0161anje iskustva korisnika i za\u0161titu privatnosti. Saznaj vi\u0161e ovdje.\",\"breadcrumb\":{\"@id\":\"https:\\\/\\\/silvermonitor.eu\\\/politika-kolacica\\\/#breadcrumb\"},\"inLanguage\":\"en-GB\",\"potentialAction\":[{\"@type\":\"ReadAction\",\"target\":[\"https:\\\/\\\/silvermonitor.eu\\\/politika-kolacica\\\/\"]}]},{\"@type\":\"BreadcrumbList\",\"@id\":\"https:\\\/\\\/silvermonitor.eu\\\/politika-kolacica\\\/#breadcrumb\",\"itemListElement\":[{\"@type\":\"ListItem\",\"position\":1,\"name\":\"Po\u010detna stranica\",\"item\":\"https:\\\/\\\/silvermonitor.eu\\\/\"},{\"@type\":\"ListItem\",\"position\":2,\"name\":\"Politika kola\u010di\u0107a\"}]},{\"@type\":\"WebSite\",\"@id\":\"https:\\\/\\\/silvermonitor.eu\\\/#website\",\"url\":\"https:\\\/\\\/silvermonitor.eu\\\/\",\"name\":\"Silver Monitor\",\"description\":\"pametni sat i web aplikacija za seniore\",\"publisher\":{\"@id\":\"https:\\\/\\\/silvermonitor.eu\\\/#organization\"},\"potentialAction\":[{\"@type\":\"SearchAction\",\"target\":{\"@type\":\"EntryPoint\",\"urlTemplate\":\"https:\\\/\\\/silvermonitor.eu\\\/?s={search_term_string}\"},\"query-input\":{\"@type\":\"PropertyValueSpecification\",\"valueRequired\":true,\"valueName\":\"search_term_string\"}}],\"inLanguage\":\"en-GB\"},{\"@type\":\"Organization\",\"@id\":\"https:\\\/\\\/silvermonitor.eu\\\/#organization\",\"name\":\"Silver technologies\",\"alternateName\":\"Silver technologies\",\"url\":\"https:\\\/\\\/silvermonitor.eu\\\/\",\"logo\":{\"@type\":\"ImageObject\",\"inLanguage\":\"en-GB\",\"@id\":\"https:\\\/\\\/silvermonitor.eu\\\/#\\\/schema\\\/logo\\\/image\\\/\",\"url\":\"https:\\\/\\\/silvermonitor.eu\\\/wp-content\\\/uploads\\\/2025\\\/09\\\/SilverM.jpg\",\"contentUrl\":\"https:\\\/\\\/silvermonitor.eu\\\/wp-content\\\/uploads\\\/2025\\\/09\\\/SilverM.jpg\",\"width\":500,\"height\":500,\"caption\":\"Silver technologies\"},\"image\":{\"@id\":\"https:\\\/\\\/silvermonitor.eu\\\/#\\\/schema\\\/logo\\\/image\\\/\"},\"sameAs\":[\"https:\\\/\\\/www.facebook.com\\\/SilverMonitor\\\/\"]}]}<\/script>\n<!-- \/ Yoast SEO plugin. -->","yoast_head_json":{"title":"Politika kola\u010di\u0107a - Silver Monitor","description":"Politika kola\u010di\u0107a obja\u0161njava kako koristimo kola\u010di\u0107e za pobolj\u0161anje iskustva korisnika i za\u0161titu privatnosti. Saznaj vi\u0161e ovdje.","robots":{"index":"index","follow":"follow","max-snippet":"max-snippet:-1","max-image-preview":"max-image-preview:large","max-video-preview":"max-video-preview:-1"},"canonical":"https:\/\/silvermonitor.eu\/en\/politika-kolacica\/","og_locale":"en_GB","og_type":"article","og_title":"Politika kola\u010di\u0107a - Silver Monitor","og_description":"Politika kola\u010di\u0107a obja\u0161njava kako koristimo kola\u010di\u0107e za pobolj\u0161anje iskustva korisnika i za\u0161titu privatnosti. Saznaj vi\u0161e ovdje.","og_url":"https:\/\/silvermonitor.eu\/en\/politika-kolacica\/","og_site_name":"Silver Monitor","article_publisher":"https:\/\/www.facebook.com\/SilverMonitor\/","article_modified_time":"2025-09-23T14:00:54+00:00","og_image":[{"width":1200,"height":725,"url":"https:\/\/silvermonitor.eu\/wp-content\/uploads\/2025\/09\/Senior-1-1.png","type":"image\/png"}],"twitter_card":"summary_large_image","twitter_misc":{"Estimated reading time":"1 minute"},"schema":{"@context":"https:\/\/schema.org","@graph":[{"@type":"WebPage","@id":"https:\/\/silvermonitor.eu\/politika-kolacica\/","url":"https:\/\/silvermonitor.eu\/politika-kolacica\/","name":"Politika kola\u010di\u0107a - Silver Monitor","isPartOf":{"@id":"https:\/\/silvermonitor.eu\/#website"},"datePublished":"2025-08-29T10:58:21+00:00","dateModified":"2025-09-23T14:00:54+00:00","description":"Politika kola\u010di\u0107a obja\u0161njava kako koristimo kola\u010di\u0107e za pobolj\u0161anje iskustva korisnika i za\u0161titu privatnosti. Saznaj vi\u0161e ovdje.","breadcrumb":{"@id":"https:\/\/silvermonitor.eu\/politika-kolacica\/#breadcrumb"},"inLanguage":"en-GB","potentialAction":[{"@type":"ReadAction","target":["https:\/\/silvermonitor.eu\/politika-kolacica\/"]}]},{"@type":"BreadcrumbList","@id":"https:\/\/silvermonitor.eu\/politika-kolacica\/#breadcrumb","itemListElement":[{"@type":"ListItem","position":1,"name":"Po\u010detna stranica","item":"https:\/\/silvermonitor.eu\/"},{"@type":"ListItem","position":2,"name":"Politika kola\u010di\u0107a"}]},{"@type":"WebSite","@id":"https:\/\/silvermonitor.eu\/#website","url":"https:\/\/silvermonitor.eu\/","name":"Silve Monitor","description":"pametni sat i web aplikacija za seniore","publisher":{"@id":"https:\/\/silvermonitor.eu\/#organization"},"potentialAction":[{"@type":"SearchAction","target":{"@type":"EntryPoint","urlTemplate":"https:\/\/silvermonitor.eu\/?s={search_term_string}"},"query-input":{"@type":"PropertyValueSpecification","valueRequired":true,"valueName":"search_term_string"}}],"inLanguage":"en-GB"},{"@type":"Organization","@id":"https:\/\/silvermonitor.eu\/#organization","name":"Silver technologies","alternateName":"Silver technologies","url":"https:\/\/silvermonitor.eu\/","logo":{"@type":"ImageObject","inLanguage":"en-GB","@id":"https:\/\/silvermonitor.eu\/#\/schema\/logo\/image\/","url":"https:\/\/silvermonitor.eu\/wp-content\/uploads\/2025\/09\/SilverM.jpg","contentUrl":"https:\/\/silvermonitor.eu\/wp-content\/uploads\/2025\/09\/SilverM.jpg","width":500,"height":500,"caption":"Silver technologies"},"image":{"@id":"https:\/\/silvermonitor.eu\/#\/schema\/logo\/image\/"},"sameAs":["https:\/\/www.facebook.com\/SilverMonitor\/"]}]}},"_links":{"self":[{"href":"https:\/\/silvermonitor.eu\/en\/wp-json\/wp\/v2\/pages\/5505","targetHints":{"allow":["GET"]}}],"collection":[{"href":"https:\/\/silvermonitor.eu\/en\/wp-json\/wp\/v2\/pages"}],"about":[{"href":"https:\/\/silvermonitor.eu\/en\/wp-json\/wp\/v2\/types\/page"}],"author":[{"embeddable":true,"href":"https:\/\/silvermonitor.eu\/en\/wp-json\/wp\/v2\/users\/1"}],"replies":[{"embeddable":true,"href":"https:\/\/silvermonitor.eu\/en\/wp-json\/wp\/v2\/comments?post=5505"}],"version-history":[{"count":3,"href":"https:\/\/silvermonitor.eu\/en\/wp-json\/wp\/v2\/pages\/5505\/revisions"}],"predecessor-version":[{"id":5738,"href":"https:\/\/silvermonitor.eu\/en\/wp-json\/wp\/v2\/pages\/5505\/revisions\/5738"}],"wp:attachment":[{"href":"https:\/\/silvermonitor.eu\/en\/wp-json\/wp\/v2\/media?parent=5505"}],"curies":[{"name":"wp","href":"https:\/\/api.w.org\/{rel}","templated":true}]}}